{"id":3715,"date":"2020-04-16T11:30:53","date_gmt":"2020-04-16T15:30:53","guid":{"rendered":"https:\/\/yunusandyouth.com\/?page_id=3715"},"modified":"2024-12-23T15:15:27","modified_gmt":"2024-12-23T20:15:27","slug":"about","status":"publish","type":"page","link":"https:\/\/yunusandyouth.com\/es_es\/about\/","title":{"rendered":"About"},"content":{"rendered":"<p>[et_pb_section fb_built=&#8221;1&#8243; fullwidth=&#8221;on&#8221; admin_label=&#8221;Page Header&#8221; _builder_version=&#8221;4.16&#8243; background_image=&#8221;https:\/\/yunusandyouth.com\/wp-content\/uploads\/2020\/04\/8.jpg&#8221; background_position=&#8221;top_center&#8221; custom_margin=&#8221;150px||||false|false&#8221; da_disable_devices=&#8221;off|off|off&#8221; global_colors_info=&#8221;{}&#8221; da_is_popup=&#8221;off&#8221; da_exit_intent=&#8221;off&#8221; da_has_close=&#8221;on&#8221; da_alt_close=&#8221;off&#8221; da_dark_close=&#8221;off&#8221; da_not_modal=&#8221;on&#8221; da_is_singular=&#8221;off&#8221; da_with_loader=&#8221;off&#8221; da_has_shadow=&#8221;on&#8221;][et_pb_fullwidth_header title=&#8221;About Us&#8221; text_orientation=&#8221;center&#8221; admin_label=&#8221;Hero Section&#8221; _builder_version=&#8221;4.16&#8243; title_font=&#8221;|700|||||||&#8221; title_font_size=&#8221;60px&#8221; title_line_height=&#8221;1.4em&#8221; content_font_size=&#8221;22px&#8221; content_line_height=&#8221;1.8em&#8221; subhead_font=&#8221;||||&#8221; background_color=&#8221;rgba(255,255,255,0)&#8221; background_color_gradient_direction=&#8221;135deg&#8221; custom_button_one=&#8221;on&#8221; button_one_text_size=&#8221;16px&#8221; button_one_bg_color=&#8221;#6eba01&#8243; button_one_border_width=&#8221;2px&#8221; button_one_border_color=&#8221;#6eba01&#8243; button_one_letter_spacing=&#8221;2&#8243; button_one_font=&#8221;Montserrat|||on|&#8221; button_one_use_icon=&#8221;off&#8221; custom_button_two=&#8221;on&#8221; button_two_text_size=&#8221;16px&#8221; button_two_border_width=&#8221;2px&#8221; button_two_border_color=&#8221;#ffffff&#8221; button_two_letter_spacing=&#8221;2&#8243; button_two_font=&#8221;Montserrat|||on|&#8221; button_two_use_icon=&#8221;off&#8221; module_alignment=&#8221;left&#8221; title_font_size_tablet=&#8221;50px&#8221; title_font_size_phone=&#8221;35px&#8221; title_font_size_last_edited=&#8221;on|desktop&#8221; button_one_text_color_hover=&#8221;#6eba01&#8243; button_two_text_color_hover=&#8221;#6eba01&#8243; button_one_border_color_hover=&#8221;#ffffff&#8221; button_two_border_color_hover=&#8221;#ffffff&#8221; button_one_border_radius_hover=&#8221;0&#8243; button_two_border_radius_hover=&#8221;0&#8243; button_one_letter_spacing_hover=&#8221;2&#8243; button_two_letter_spacing_hover=&#8221;2&#8243; button_one_bg_color_hover=&#8221;#ffffff&#8221; button_two_bg_color_hover=&#8221;#ffffff&#8221; global_colors_info=&#8221;{}&#8221; button_one_text_size__hover_enabled=&#8221;off&#8221; button_two_text_size__hover_enabled=&#8221;off&#8221; button_one_text_color__hover_enabled=&#8221;on&#8221; button_one_text_color__hover=&#8221;#6eba01&#8243; button_two_text_color__hover_enabled=&#8221;on&#8221; button_two_text_color__hover=&#8221;#6eba01&#8243; button_one_border_width__hover_enabled=&#8221;off&#8221; button_two_border_width__hover_enabled=&#8221;off&#8221; button_one_border_color__hover_enabled=&#8221;on&#8221; button_one_border_color__hover=&#8221;#ffffff&#8221; button_two_border_color__hover_enabled=&#8221;on&#8221; button_two_border_color__hover=&#8221;#ffffff&#8221; button_one_border_radius__hover_enabled=&#8221;on&#8221; button_one_border_radius__hover=&#8221;0&#8243; button_two_border_radius__hover_enabled=&#8221;on&#8221; button_two_border_radius__hover=&#8221;0&#8243; button_one_letter_spacing__hover_enabled=&#8221;on&#8221; button_one_letter_spacing__hover=&#8221;2&#8243; button_two_letter_spacing__hover_enabled=&#8221;on&#8221; button_two_letter_spacing__hover=&#8221;2&#8243; button_one_bg_color__hover_enabled=&#8221;on&#8221; button_one_bg_color__hover=&#8221;#ffffff&#8221; button_two_bg_color__hover_enabled=&#8221;on&#8221; button_two_bg_color__hover=&#8221;#ffffff&#8221;][\/et_pb_fullwidth_header][\/et_pb_section][et_pb_section fb_built=&#8221;1&#8243; admin_label=&#8221;Services&#8221; _builder_version=&#8221;4.16&#8243; custom_margin=&#8221;||0px||false|false&#8221; custom_padding=&#8221;||0px||false|false&#8221; da_disable_devices=&#8221;off|off|off&#8221; locked=&#8221;off&#8221; global_colors_info=&#8221;{}&#8221; da_is_popup=&#8221;off&#8221; da_exit_intent=&#8221;off&#8221; da_has_close=&#8221;on&#8221; da_alt_close=&#8221;off&#8221; da_dark_close=&#8221;off&#8221; da_not_modal=&#8221;on&#8221; da_is_singular=&#8221;off&#8221; da_with_loader=&#8221;off&#8221; da_has_shadow=&#8221;on&#8221;][et_pb_row _builder_version=&#8221;4.16&#8243; background_size=&#8221;initial&#8221; background_position=&#8221;top_left&#8221; background_repeat=&#8221;repeat&#8221; custom_width_px=&#8221;710px&#8221; global_colors_info=&#8221;{}&#8221;][et_pb_column type=&#8221;4_4&#8243; _builder_version=&#8221;4.16&#8243; background_position=&#8221;top_left&#8221; custom_padding=&#8221;|||&#8221; global_colors_info=&#8221;{}&#8221; custom_padding__hover=&#8221;|||&#8221;][et_pb_divider divider_weight=&#8221;3px&#8221; disabled_on=&#8221;off|off|off&#8221; _builder_version=&#8221;4.16&#8243; background_color_gradient_direction=&#8221;90deg&#8221; max_width=&#8221;100px&#8221; module_alignment=&#8221;center&#8221; height=&#8221;5px&#8221; custom_margin=&#8221;||20px|&#8221; custom_padding=&#8221;||20px|&#8221; animation_style=&#8221;slide&#8221; animation_direction=&#8221;bottom&#8221; saved_tabs=&#8221;all&#8221; locked=&#8221;off&#8221; global_colors_info=&#8221;{}&#8221;][\/et_pb_divider][et_pb_text admin_label=&#8221;Services Section Title&#8221; _builder_version=&#8221;4.16&#8243; header_font=&#8221;||||||||&#8221; header_text_color=&#8221;#000000&#8243; header_font_size=&#8221;36px&#8221; text_orientation=&#8221;center&#8221; max_width=&#8221;710px&#8221; module_alignment=&#8221;center&#8221; animation_style=&#8221;fold&#8221; animation_direction=&#8221;bottom&#8221; animation_intensity_fold=&#8221;20%&#8221; global_colors_info=&#8221;{}&#8221;]<\/p>\n<h1>Por qu\u00e9 existimos<\/h1>\n<p>[\/et_pb_text][et_pb_text admin_label=&#8221;Services Section Subtitle&#8221; _builder_version=&#8221;4.16&#8243; text_line_height=&#8221;1.9em&#8221; background_size=&#8221;initial&#8221; background_position=&#8221;top_left&#8221; background_repeat=&#8221;repeat&#8221; text_orientation=&#8221;center&#8221; max_width=&#8221;710px&#8221; module_alignment=&#8221;center&#8221; animation_style=&#8221;fold&#8221; animation_direction=&#8221;bottom&#8221; animation_intensity_fold=&#8221;20%&#8221; global_colors_info=&#8221;{}&#8221;]<\/p>\n<p><span style=\"font-weight: 400;\">Con una poblaci\u00f3n mundial de m\u00e1s de 1.800 millones de personas, los j\u00f3venes son el recurso sin explotar m\u00e1s grande del mundo, y poseen talentos y ambiciones que pueden superar los mayores desaf\u00edos de nuestra sociedad. Para lograr los 17 Objetivos de Desarrollo Sostenible de las Naciones Unidas, necesitamos empoderar a los j\u00f3venes: no solo son nuestros futuros l\u00edderes, sino tambi\u00e9n los m\u00e1s interesados \u200b\u200ben el futuro de nuestro planeta.<\/span><\/p>\n<p>&nbsp;<\/p>\n<p><strong>Yunus &amp; Youth cree que conectar a los j\u00f3venes de todos los rincones del mundo y brindarles las herramientas y los recursos que necesitan para desarrollar soluciones de negocios sociales puede conducir a abordar con \u00e9xito problemas que han quedado sin resolver en nuestra sociedad durante demasiado tiempo.<\/strong><\/p>\n<p>[\/et_pb_text][\/et_pb_column][\/et_pb_row][et_pb_row _builder_version=&#8221;4.16&#8243; background_size=&#8221;initial&#8221; background_position=&#8221;top_left&#8221; background_repeat=&#8221;repeat&#8221; custom_width_px=&#8221;710px&#8221; global_colors_info=&#8221;{}&#8221;][et_pb_column type=&#8221;4_4&#8243; _builder_version=&#8221;4.16&#8243; background_position=&#8221;top_left&#8221; custom_padding=&#8221;|||&#8221; global_colors_info=&#8221;{}&#8221; custom_padding__hover=&#8221;|||&#8221;][et_pb_divider divider_weight=&#8221;3px&#8221; disabled_on=&#8221;off|off|off&#8221; _builder_version=&#8221;4.16&#8243; background_color_gradient_direction=&#8221;90deg&#8221; max_width=&#8221;100px&#8221; module_alignment=&#8221;center&#8221; height=&#8221;5px&#8221; custom_margin=&#8221;||20px|&#8221; custom_padding=&#8221;||20px|&#8221; animation_style=&#8221;slide&#8221; animation_direction=&#8221;bottom&#8221; saved_tabs=&#8221;all&#8221; locked=&#8221;off&#8221; global_colors_info=&#8221;{}&#8221;][\/et_pb_divider][et_pb_text admin_label=&#8221;Services Section Title&#8221; _builder_version=&#8221;4.16&#8243; header_font=&#8221;||||||||&#8221; header_text_color=&#8221;#000000&#8243; header_font_size=&#8221;36px&#8221; text_orientation=&#8221;center&#8221; max_width=&#8221;710px&#8221; module_alignment=&#8221;center&#8221; animation_style=&#8221;fold&#8221; animation_direction=&#8221;bottom&#8221; animation_intensity_fold=&#8221;20%&#8221; global_colors_info=&#8221;{}&#8221;]<\/p>\n<h1>Nuestros Resultados<\/h1>\n<p>[\/et_pb_text][et_pb_text admin_label=&#8221;Services Section Subtitle&#8221; _builder_version=&#8221;4.16&#8243; text_line_height=&#8221;1.9em&#8221; background_size=&#8221;initial&#8221; background_position=&#8221;top_left&#8221; background_repeat=&#8221;repeat&#8221; text_orientation=&#8221;center&#8221; max_width=&#8221;710px&#8221; module_alignment=&#8221;center&#8221; animation_style=&#8221;fold&#8221; animation_direction=&#8221;bottom&#8221; animation_intensity_fold=&#8221;20%&#8221; global_colors_info=&#8221;{}&#8221;]<\/p>\n<p><span style=\"font-weight: 400;\">Yunus &amp; Youth ha facilitado el desaf\u00edo de ser un emprendedor social con el apoyo de socios corporativos y agencias de desarrollo internacionales.<\/span><\/p>\n<p>[\/et_pb_text][\/et_pb_column][\/et_pb_row][et_pb_row column_structure=&#8221;1_3,1_3,1_3&#8243; _builder_version=&#8221;4.16&#8243; global_colors_info=&#8221;{}&#8221;][et_pb_column type=&#8221;1_3&#8243; _builder_version=&#8221;4.16&#8243; global_colors_info=&#8221;{}&#8221;][et_pb_number_counter title=&#8221;Social Entrepreneurs Trained&#8221; number=&#8221;+8,500&#8243; percent_sign=&#8221;off&#8221; _builder_version=&#8221;4.18.0&#8243; number_font_size=&#8221;50px&#8221; number_font_size_tablet=&#8221;&#8221; number_font_size_phone=&#8221;&#8221; number_font_size_last_edited=&#8221;on|desktop&#8221; global_colors_info=&#8221;{}&#8221;][\/et_pb_number_counter][\/et_pb_column][et_pb_column type=&#8221;1_3&#8243; _builder_version=&#8221;4.16&#8243; global_colors_info=&#8221;{}&#8221;][et_pb_number_counter title=&#8221;Social Businesses Accelerated&#8221; number=&#8221;+335&#8243; percent_sign=&#8221;off&#8221; _builder_version=&#8221;4.18.0&#8243; number_font_size=&#8221;50px&#8221; number_font_size_tablet=&#8221;&#8221; number_font_size_phone=&#8221;&#8221; number_font_size_last_edited=&#8221;on|desktop&#8221; global_colors_info=&#8221;{}&#8221;][\/et_pb_number_counter][\/et_pb_column][et_pb_column type=&#8221;1_3&#8243; _builder_version=&#8221;4.16&#8243; global_colors_info=&#8221;{}&#8221;][et_pb_number_counter title=&#8221;Corporate Mentors&#8221; number=&#8221;+460&#8243; percent_sign=&#8221;off&#8221; _builder_version=&#8221;4.18.0&#8243; number_font_size=&#8221;50px&#8221; hover_enabled=&#8221;0&#8243; number_font_size_tablet=&#8221;&#8221; number_font_size_phone=&#8221;&#8221; number_font_size_last_edited=&#8221;on|desktop&#8221; global_colors_info=&#8221;{}&#8221; sticky_enabled=&#8221;0&#8243;][\/et_pb_number_counter][\/et_pb_column][\/et_pb_row][et_pb_row column_structure=&#8221;1_3,1_3,1_3&#8243; _builder_version=&#8221;4.16&#8243; global_colors_info=&#8221;{}&#8221;][et_pb_column type=&#8221;1_3&#8243; _builder_version=&#8221;4.16&#8243; global_colors_info=&#8221;{}&#8221;][et_pb_number_counter title=&#8221;Nationalities&#8221; number=&#8221;56&#8243; percent_sign=&#8221;off&#8221; _builder_version=&#8221;4.18.0&#8243; number_font_size=&#8221;50px&#8221; number_font_size_tablet=&#8221;&#8221; number_font_size_phone=&#8221;&#8221; number_font_size_last_edited=&#8221;on|desktop&#8221; global_colors_info=&#8221;{}&#8221;][\/et_pb_number_counter][\/et_pb_column][et_pb_column type=&#8221;1_3&#8243; _builder_version=&#8221;4.16&#8243; global_colors_info=&#8221;{}&#8221;][et_pb_number_counter title=&#8221;Impacted Countries&#8221; number=&#8221;65&#8243; percent_sign=&#8221;off&#8221; _builder_version=&#8221;4.18.0&#8243; number_font_size=&#8221;50px&#8221; number_font_size_tablet=&#8221;&#8221; number_font_size_phone=&#8221;&#8221; number_font_size_last_edited=&#8221;on|desktop&#8221; global_colors_info=&#8221;{}&#8221;][\/et_pb_number_counter][\/et_pb_column][et_pb_column type=&#8221;1_3&#8243; _builder_version=&#8221;4.16&#8243; global_colors_info=&#8221;{}&#8221;][et_pb_number_counter title=&#8221;Million Lives Positively Impacted&#8221; number=&#8221;+15&#8243; percent_sign=&#8221;off&#8221; _builder_version=&#8221;4.18.0&#8243; number_font_size=&#8221;50px&#8221; hover_enabled=&#8221;0&#8243; number_font_size_tablet=&#8221;&#8221; number_font_size_phone=&#8221;&#8221; number_font_size_last_edited=&#8221;on|desktop&#8221; global_colors_info=&#8221;{}&#8221; sticky_enabled=&#8221;0&#8243;][\/et_pb_number_counter][\/et_pb_column][\/et_pb_row][\/et_pb_section][et_pb_section fb_built=&#8221;1&#8243; admin_label=&#8221;Our Team&#8221; _builder_version=&#8221;4.16&#8243; custom_margin=&#8221;0px||||false|false&#8221; custom_padding=&#8221;0px||||false|false&#8221; da_disable_devices=&#8221;off|off|off&#8221; global_colors_info=&#8221;{}&#8221; da_is_popup=&#8221;off&#8221; da_exit_intent=&#8221;off&#8221; da_has_close=&#8221;on&#8221; da_alt_close=&#8221;off&#8221; da_dark_close=&#8221;off&#8221; da_not_modal=&#8221;on&#8221; da_is_singular=&#8221;off&#8221; da_with_loader=&#8221;off&#8221; da_has_shadow=&#8221;on&#8221;][et_pb_row _builder_version=&#8221;4.16&#8243; background_size=&#8221;initial&#8221; background_position=&#8221;top_left&#8221; background_repeat=&#8221;repeat&#8221; custom_width_px=&#8221;710px&#8221; locked=&#8221;off&#8221; global_colors_info=&#8221;{}&#8221;][et_pb_column type=&#8221;4_4&#8243; _builder_version=&#8221;4.16&#8243; background_position=&#8221;top_left&#8221; custom_padding=&#8221;|||&#8221; global_colors_info=&#8221;{}&#8221; custom_padding__hover=&#8221;|||&#8221;][et_pb_divider color=&#8221;#4e5ed0&#8243; divider_weight=&#8221;3px&#8221; disabled_on=&#8221;off|off|off&#8221; _builder_version=&#8221;4.16&#8243; background_color_gradient_direction=&#8221;90deg&#8221; max_width=&#8221;100px&#8221; module_alignment=&#8221;center&#8221; height=&#8221;5px&#8221; custom_margin=&#8221;||20px|&#8221; custom_padding=&#8221;||20px|&#8221; animation_style=&#8221;slide&#8221; animation_direction=&#8221;bottom&#8221; saved_tabs=&#8221;all&#8221; locked=&#8221;off&#8221; global_colors_info=&#8221;{}&#8221;][\/et_pb_divider][et_pb_text admin_label=&#8221;Team Section Title&#8221; _builder_version=&#8221;4.16&#8243; header_font=&#8221;||||||||&#8221; header_text_color=&#8221;#000000&#8243; header_font_size=&#8221;36px&#8221; text_orientation=&#8221;center&#8221; max_width=&#8221;710px&#8221; module_alignment=&#8221;center&#8221; animation_style=&#8221;fold&#8221; animation_direction=&#8221;bottom&#8221; animation_intensity_fold=&#8221;20%&#8221; global_colors_info=&#8221;{}&#8221;]<\/p>\n<h1 class=\"p1\"><span class=\"s1\">Nuestro Equipo<\/span><\/h1>\n<p>[\/et_pb_text][et_pb_text admin_label=&#8221;Team Section Subtitle&#8221; _builder_version=&#8221;4.16&#8243; text_line_height=&#8221;1.9em&#8221; background_size=&#8221;initial&#8221; background_position=&#8221;top_left&#8221; background_repeat=&#8221;repeat&#8221; text_orientation=&#8221;center&#8221; max_width=&#8221;710px&#8221; module_alignment=&#8221;center&#8221; animation_style=&#8221;fold&#8221; animation_direction=&#8221;bottom&#8221; animation_intensity_fold=&#8221;20%&#8221; global_colors_info=&#8221;{}&#8221;]<\/p>\n<p class=\"p1\"><span class=\"s1\"><span style=\"font-weight: 400;\">El equipo de Yunus &amp; Youth est\u00e1 formado por j\u00f3venes profesionales dedicados y una red de seguidores que viven en diferentes pa\u00edses, quienes est\u00e1n comprometidos a fomentar la conciencia empresarial social y apoyar a las organizaciones lideradas por j\u00f3venes en todo el mundo.<\/span><br \/> <\/span><\/p>\n<p>[\/et_pb_text][\/et_pb_column][\/et_pb_row][\/et_pb_section]<\/p>","protected":false},"excerpt":{"rendered":"<p>Why We ExistWith a global population of more than 1,8 billion people, young people are the largest untapped resource in the world, possessing talents and ambition that can overcome our society\u2019s greatest challenges. To achieve the 17 United Nations Sustainable Development Goals, we need to empower young people \u2013 they are not only our future [&hellip;]<\/p>","protected":false},"author":3,"featured_media":4118,"parent":0,"menu_order":0,"comment_status":"closed","ping_status":"closed","template":"","meta":{"_et_pb_use_builder":"on","_et_pb_old_content":"","_et_gb_content_width":"","inline_featured_image":false},"acf":[],"yoast_head":"<!-- This site is optimized with the Yoast SEO plugin v20.12 - https:\/\/yoast.com\/wordpress\/plugins\/seo\/ -->\n<title>About - Yunus&amp;Youth<\/title>\n<meta name=\"description\" content=\"About - Yunus &amp; Youth has made the challenge of being a social entrepreneur easier with the support of corporate partners and international development agencies.\" \/>\n<meta name=\"robots\" content=\"index, follow, max-snippet:-1, max-image-preview:large, max-video-preview:-1\" \/>\n<link rel=\"canonical\" href=\"https:\/\/yunusandyouth.com\/es_es\/about\/\" \/>\n<meta property=\"og:locale\" content=\"es_ES\" \/>\n<meta property=\"og:type\" content=\"article\" \/>\n<meta property=\"og:title\" content=\"About - Yunus&amp;Youth\" \/>\n<meta property=\"og:description\" content=\"About - Yunus &amp; Youth has made the challenge of being a social entrepreneur easier with the support of corporate partners and international development agencies.\" \/>\n<meta property=\"og:url\" content=\"https:\/\/yunusandyouth.com\/es_es\/about\/\" \/>\n<meta property=\"og:site_name\" content=\"Yunus&amp;Youth\" \/>\n<meta property=\"article:publisher\" content=\"https:\/\/www.facebook.com\/yunusandyouth\" \/>\n<meta property=\"article:modified_time\" content=\"2024-12-23T20:15:27+00:00\" \/>\n<meta property=\"og:image\" content=\"https:\/\/yunusandyouth.com\/wp-content\/uploads\/2020\/04\/Background-yy.jpg\" \/>\n\t<meta property=\"og:image:width\" content=\"1920\" \/>\n\t<meta property=\"og:image:height\" content=\"1000\" \/>\n\t<meta property=\"og:image:type\" content=\"image\/jpeg\" \/>\n<meta name=\"twitter:card\" content=\"summary_large_image\" \/>\n<meta name=\"twitter:site\" content=\"@yunusandyouth\" \/>\n<meta name=\"twitter:label1\" content=\"Tiempo de lectura\" \/>\n\t<meta name=\"twitter:data1\" content=\"3 minutos\" \/>\n<script type=\"application\/ld+json\" class=\"yoast-schema-graph\">{\"@context\":\"https:\/\/schema.org\",\"@graph\":[{\"@type\":\"WebPage\",\"@id\":\"https:\/\/yunusandyouth.com\/about\/\",\"url\":\"https:\/\/yunusandyouth.com\/about\/\",\"name\":\"About - Yunus&amp;Youth\",\"isPartOf\":{\"@id\":\"https:\/\/yunusandyouth.com\/#website\"},\"datePublished\":\"2020-04-16T15:30:53+00:00\",\"dateModified\":\"2024-12-23T20:15:27+00:00\",\"description\":\"About - Yunus & Youth has made the challenge of being a social entrepreneur easier with the support of corporate partners and international development agencies.\",\"breadcrumb\":{\"@id\":\"https:\/\/yunusandyouth.com\/about\/#breadcrumb\"},\"inLanguage\":\"es\",\"potentialAction\":[{\"@type\":\"ReadAction\",\"target\":[\"https:\/\/yunusandyouth.com\/about\/\"]}]},{\"@type\":\"BreadcrumbList\",\"@id\":\"https:\/\/yunusandyouth.com\/about\/#breadcrumb\",\"itemListElement\":[{\"@type\":\"ListItem\",\"position\":1,\"name\":\"Home\",\"item\":\"https:\/\/yunusandyouth.com\/\"},{\"@type\":\"ListItem\",\"position\":2,\"name\":\"About\"}]},{\"@type\":\"WebSite\",\"@id\":\"https:\/\/yunusandyouth.com\/#website\",\"url\":\"https:\/\/yunusandyouth.com\/\",\"name\":\"Yunus&amp;Youth\",\"description\":\"The Next Generation of Social Impact\",\"publisher\":{\"@id\":\"https:\/\/yunusandyouth.com\/#organization\"},\"potentialAction\":[{\"@type\":\"SearchAction\",\"target\":{\"@type\":\"EntryPoint\",\"urlTemplate\":\"https:\/\/yunusandyouth.com\/?s={search_term_string}\"},\"query-input\":\"required name=search_term_string\"}],\"inLanguage\":\"es\"},{\"@type\":\"Organization\",\"@id\":\"https:\/\/yunusandyouth.com\/#organization\",\"name\":\"Yunus and Youth\",\"url\":\"https:\/\/yunusandyouth.com\/\",\"logo\":{\"@type\":\"ImageObject\",\"inLanguage\":\"es\",\"@id\":\"https:\/\/yunusandyouth.com\/#\/schema\/logo\/image\/\",\"url\":\"https:\/\/yunusandyouth.com\/wp-content\/uploads\/2020\/05\/Logo-V-colors-YY.png\",\"contentUrl\":\"https:\/\/yunusandyouth.com\/wp-content\/uploads\/2020\/05\/Logo-V-colors-YY.png\",\"width\":622,\"height\":256,\"caption\":\"Yunus and Youth\"},\"image\":{\"@id\":\"https:\/\/yunusandyouth.com\/#\/schema\/logo\/image\/\"},\"sameAs\":[\"https:\/\/www.facebook.com\/yunusandyouth\",\"https:\/\/twitter.com\/yunusandyouth\",\"https:\/\/www.instagram.com\/yunusandyouth\/\",\"https:\/\/www.linkedin.com\/company\/yunusandyouth\/\"]}]}<\/script>\n<!-- \/ Yoast SEO plugin. -->","yoast_head_json":{"title":"About - Yunus&amp;Youth","description":"About - Yunus & Youth has made the challenge of being a social entrepreneur easier with the support of corporate partners and international development agencies.","robots":{"index":"index","follow":"follow","max-snippet":"max-snippet:-1","max-image-preview":"max-image-preview:large","max-video-preview":"max-video-preview:-1"},"canonical":"https:\/\/yunusandyouth.com\/es_es\/about\/","og_locale":"es_ES","og_type":"article","og_title":"About - Yunus&amp;Youth","og_description":"About - Yunus & Youth has made the challenge of being a social entrepreneur easier with the support of corporate partners and international development agencies.","og_url":"https:\/\/yunusandyouth.com\/es_es\/about\/","og_site_name":"Yunus&amp;Youth","article_publisher":"https:\/\/www.facebook.com\/yunusandyouth","article_modified_time":"2024-12-23T20:15:27+00:00","og_image":[{"width":1920,"height":1000,"url":"https:\/\/yunusandyouth.com\/wp-content\/uploads\/2020\/04\/Background-yy.jpg","type":"image\/jpeg"}],"twitter_card":"summary_large_image","twitter_site":"@yunusandyouth","twitter_misc":{"Tiempo de lectura":"3 minutos"},"schema":{"@context":"https:\/\/schema.org","@graph":[{"@type":"WebPage","@id":"https:\/\/yunusandyouth.com\/about\/","url":"https:\/\/yunusandyouth.com\/about\/","name":"About - Yunus&amp;Youth","isPartOf":{"@id":"https:\/\/yunusandyouth.com\/#website"},"datePublished":"2020-04-16T15:30:53+00:00","dateModified":"2024-12-23T20:15:27+00:00","description":"About - Yunus & Youth has made the challenge of being a social entrepreneur easier with the support of corporate partners and international development agencies.","breadcrumb":{"@id":"https:\/\/yunusandyouth.com\/about\/#breadcrumb"},"inLanguage":"es","potentialAction":[{"@type":"ReadAction","target":["https:\/\/yunusandyouth.com\/about\/"]}]},{"@type":"BreadcrumbList","@id":"https:\/\/yunusandyouth.com\/about\/#breadcrumb","itemListElement":[{"@type":"ListItem","position":1,"name":"Home","item":"https:\/\/yunusandyouth.com\/"},{"@type":"ListItem","position":2,"name":"About"}]},{"@type":"WebSite","@id":"https:\/\/yunusandyouth.com\/#website","url":"https:\/\/yunusandyouth.com\/","name":"Yunus&amp;Youth","description":"The Next Generation of Social Impact","publisher":{"@id":"https:\/\/yunusandyouth.com\/#organization"},"potentialAction":[{"@type":"SearchAction","target":{"@type":"EntryPoint","urlTemplate":"https:\/\/yunusandyouth.com\/?s={search_term_string}"},"query-input":"required name=search_term_string"}],"inLanguage":"es"},{"@type":"Organization","@id":"https:\/\/yunusandyouth.com\/#organization","name":"Yunus and Youth","url":"https:\/\/yunusandyouth.com\/","logo":{"@type":"ImageObject","inLanguage":"es","@id":"https:\/\/yunusandyouth.com\/#\/schema\/logo\/image\/","url":"https:\/\/yunusandyouth.com\/wp-content\/uploads\/2020\/05\/Logo-V-colors-YY.png","contentUrl":"https:\/\/yunusandyouth.com\/wp-content\/uploads\/2020\/05\/Logo-V-colors-YY.png","width":622,"height":256,"caption":"Yunus and Youth"},"image":{"@id":"https:\/\/yunusandyouth.com\/#\/schema\/logo\/image\/"},"sameAs":["https:\/\/www.facebook.com\/yunusandyouth","https:\/\/twitter.com\/yunusandyouth","https:\/\/www.instagram.com\/yunusandyouth\/","https:\/\/www.linkedin.com\/company\/yunusandyouth\/"]}]}},"_links":{"self":[{"href":"https:\/\/yunusandyouth.com\/es_es\/wp-json\/wp\/v2\/pages\/3715"}],"collection":[{"href":"https:\/\/yunusandyouth.com\/es_es\/wp-json\/wp\/v2\/pages"}],"about":[{"href":"https:\/\/yunusandyouth.com\/es_es\/wp-json\/wp\/v2\/types\/page"}],"author":[{"embeddable":true,"href":"https:\/\/yunusandyouth.com\/es_es\/wp-json\/wp\/v2\/users\/3"}],"replies":[{"embeddable":true,"href":"https:\/\/yunusandyouth.com\/es_es\/wp-json\/wp\/v2\/comments?post=3715"}],"version-history":[{"count":23,"href":"https:\/\/yunusandyouth.com\/es_es\/wp-json\/wp\/v2\/pages\/3715\/revisions"}],"predecessor-version":[{"id":9845,"href":"https:\/\/yunusandyouth.com\/es_es\/wp-json\/wp\/v2\/pages\/3715\/revisions\/9845"}],"wp:featuredmedia":[{"embeddable":true,"href":"https:\/\/yunusandyouth.com\/es_es\/wp-json\/wp\/v2\/media\/4118"}],"wp:attachment":[{"href":"https:\/\/yunusandyouth.com\/es_es\/wp-json\/wp\/v2\/media?parent=3715"}],"curies":[{"name":"wp","href":"https:\/\/api.w.org\/{rel}","templated":true}]}}